{"id":1898,"date":"2022-05-25T23:03:12","date_gmt":"2022-05-25T23:03:12","guid":{"rendered":"https:\/\/oma.com.mx\/v1\/?page_id=1898"},"modified":"2026-03-10T12:27:21","modified_gmt":"2026-03-10T18:27:21","slug":"our-partners-and-key-personnel-2","status":"publish","type":"page","link":"https:\/\/oma.com.mx\/en\/our-partners-and-key-personnel-2\/","title":{"rendered":"Our partners and key personnel"},"content":{"rendered":"<section class=\"wpb-content-wrapper\"><p>[vc_row section_type=&#8221;fullwidth&#8221; padding_top_multiplier=&#8221;&#8221; padding_bottom_multiplier=&#8221;&#8221;][vc_column vertical_content_position=&#8221;middle&#8221;]<div class=\"eut-element eut-image eut-align-center\" style=\"\"><div class=\"eut-image-wrapper eut-popup-item\" style=\"max-width:2000px;\"><div class=\"eut-thumbnail-wrapper\"  style=\"max-width: 2000px;\"><div class=\"eut-thumbnail\"  style=\"padding-top: 34.5%;\"><img decoding=\"async\" width=\"2000\" height=\"690\" src=\"https:\/\/oma.com.mx\/wp-content\/uploads\/2022\/03\/CONTADORES.png\" class=\"attachment-full size-full\" alt=\"\" data-eutf-filter=\"yes\" srcset=\"https:\/\/oma.com.mx\/wp-content\/uploads\/2022\/03\/CONTADORES.png 2000w, https:\/\/oma.com.mx\/wp-content\/uploads\/2022\/03\/CONTADORES-300x104.png 300w, https:\/\/oma.com.mx\/wp-content\/uploads\/2022\/03\/CONTADORES-1024x353.png 1024w, https:\/\/oma.com.mx\/wp-content\/uploads\/2022\/03\/CONTADORES-768x265.png 768w, https:\/\/oma.com.mx\/wp-content\/uploads\/2022\/03\/CONTADORES-1536x530.png 1536w, https:\/\/oma.com.mx\/wp-content\/uploads\/2022\/03\/CONTADORES-1920x662.png 1920w, https:\/\/oma.com.mx\/wp-content\/uploads\/2022\/03\/CONTADORES-600x207.png 600w\" sizes=\"(max-width: 2000px) 100vw, 2000px\" \/><\/div><\/div>  <\/div><\/div>[\/vc_column][\/vc_row][vc_row rc_heading_color=&#8221;primary-1&#8243; el_wrapper_class=&#8221;personal&#8221;][vc_column width=&#8221;1\/4&#8243;][vc_column_text el_class=&#8221;menu&#8221;]<\/p>\n<ul class=\"menu\">\n<li class=\"item-1109 current active\"><a href=\"https:\/\/oma.com.mx\/en\/nosotros\/\">About us<\/a><\/li>\n<li class=\"item-1108\"><a href=\"https:\/\/oma.com.mx\/en\/our-partners-and-key-personnel-2\/\">Our partners and key personnel<\/a><\/li>\n<li class=\"item-1057\"><a href=\"https:\/\/oma.com.mx\/en\/our-clients\/\">Some of our clients<\/a><\/li>\n<li class=\"item-663\"><a href=\"https:\/\/oma.com.mx\/en\/alianzas\/\">Our Alliances<\/a><\/li>\n<\/ul>\n<p>[\/vc_column_text]<div class=\"eut-empty-space eut-height-1x\" style=\"\"><\/div>[vc_column_text]<img decoding=\"async\" class=\"wp-image-840 alignleft\" src=\"https:\/\/oma.com.mx\/wp-content\/uploads\/2022\/03\/decarga_icon.jpeg\" alt=\"\" width=\"21\" height=\"22\" srcset=\"https:\/\/oma.com.mx\/wp-content\/uploads\/2022\/03\/decarga_icon.jpeg 266w, https:\/\/oma.com.mx\/wp-content\/uploads\/2022\/03\/decarga_icon-150x150.jpeg 150w, https:\/\/oma.com.mx\/wp-content\/uploads\/2022\/03\/decarga_icon-100x100.jpeg 100w\" sizes=\"(max-width: 21px) 100vw, 21px\" \/> Download our brochure\u00a0<a href=\"https:\/\/oma.com.mx\/wp-content\/uploads\/2026\/03\/Presentacion_Ingles_MOM_CL-2025-50-Years.pptx-1.pdf\" target=\"_blank\" rel=\"noopener\">here<\/a>[\/vc_column_text][\/vc_column][vc_column width=&#8221;3\/4&#8243; rc_bg_type=&#8221;color&#8221; rc_bg_color=&#8221;#efefef&#8221; css=&#8221;.vc_custom_1648668725430{padding: 2% !important;}&#8221;][vc_column_text]<\/p>\n<h1 style=\"font-weight: 300;\">Our partners and key personnel<\/h1>\n<p style=\"font-weight: 300;\">We are aware that business is not done between companies; it is always between persons. On both sides of all communications, there are persons who exchange information and expect results. This is our business philosophy.<\/p>\n<p style=\"font-weight: 300;\">We are persons who find passion in our profession and deal with persons who, like us, pursue their goals with passion, lead others and take decisions, based often on the accuracy and timeliness of the information we supply.<\/p>\n<p>[\/vc_column_text][vc_row_inner][vc_column_inner width=&#8221;1\/4&#8243;]<div class=\"eut-element eut-image eut-align-center\" style=\"\"><div class=\"eut-image-wrapper eut-popup-item\" style=\"max-width:759px;\"><div class=\"eut-thumbnail-wrapper\"  style=\"max-width: 759px;\"><div class=\"eut-thumbnail\"  style=\"padding-top: 100%;\"><img decoding=\"async\" width=\"759\" height=\"759\" src=\"https:\/\/oma.com.mx\/wp-content\/uploads\/2022\/03\/miguel_angel_orozco_medina_v_2_.jpeg\" class=\"attachment-full size-full\" alt=\"\" data-eutf-filter=\"yes\" srcset=\"https:\/\/oma.com.mx\/wp-content\/uploads\/2022\/03\/miguel_angel_orozco_medina_v_2_.jpeg 759w, https:\/\/oma.com.mx\/wp-content\/uploads\/2022\/03\/miguel_angel_orozco_medina_v_2_-300x300.jpeg 300w, https:\/\/oma.com.mx\/wp-content\/uploads\/2022\/03\/miguel_angel_orozco_medina_v_2_-150x150.jpeg 150w, https:\/\/oma.com.mx\/wp-content\/uploads\/2022\/03\/miguel_angel_orozco_medina_v_2_-560x560.jpeg 560w, https:\/\/oma.com.mx\/wp-content\/uploads\/2022\/03\/miguel_angel_orozco_medina_v_2_-600x600.jpeg 600w, https:\/\/oma.com.mx\/wp-content\/uploads\/2022\/03\/miguel_angel_orozco_medina_v_2_-100x100.jpeg 100w\" sizes=\"(max-width: 759px) 100vw, 759px\" \/><\/div><\/div>  <\/div><\/div>[\/vc_column_inner][vc_column_inner width=&#8221;1\/4&#8243; vertical_content_position=&#8221;middle&#8221;][vc_column_text]<\/p>\n<h4 class=\"nspHeader tcenter fnull has-image\"><a title=\"CPC y PCF Miguel \u00c1ngel Orozco Medina\" href=\"https:\/\/oma.com.mx\/en\/miguel-angel-orozco-medina\" target=\"_blank\" rel=\"noopener\">Miguel \u00c1ngel Orozco Medina, CPA &amp; CFP<\/a><\/h4>\n<p class=\"nspText tjustify fnull\">Chairman<\/p>\n<div id=\"gtx-trans\" style=\"position: absolute; left: 359px; top: 75.7969px;\">\n<div class=\"gtx-trans-icon\"><\/div>\n<\/div>\n<p>[\/vc_column_text][\/vc_column_inner][vc_column_inner width=&#8221;1\/4&#8243;]<div class=\"eut-element eut-image eut-align-center\" style=\"\"><div class=\"eut-image-wrapper eut-popup-item\" style=\"max-width:400px;\"><div class=\"eut-thumbnail-wrapper\"  style=\"max-width: 400px;\"><div class=\"eut-thumbnail\"  style=\"padding-top: 100%;\"><img decoding=\"async\" width=\"400\" height=\"400\" src=\"https:\/\/oma.com.mx\/wp-content\/uploads\/2022\/09\/Vi\u0301ctor-M.-Rodri\u0301guez-Arias-2.jpg\" class=\"attachment-full size-full\" alt=\"\" data-eutf-filter=\"yes\" srcset=\"https:\/\/oma.com.mx\/wp-content\/uploads\/2022\/09\/Vi\u0301ctor-M.-Rodri\u0301guez-Arias-2.jpg 400w, https:\/\/oma.com.mx\/wp-content\/uploads\/2022\/09\/Vi\u0301ctor-M.-Rodri\u0301guez-Arias-2-300x300.jpg 300w, https:\/\/oma.com.mx\/wp-content\/uploads\/2022\/09\/Vi\u0301ctor-M.-Rodri\u0301guez-Arias-2-150x150.jpg 150w, https:\/\/oma.com.mx\/wp-content\/uploads\/2022\/09\/Vi\u0301ctor-M.-Rodri\u0301guez-Arias-2-100x100.jpg 100w\" sizes=\"(max-width: 400px) 100vw, 400px\" \/><\/div><\/div>  <\/div><\/div>[\/vc_column_inner][vc_column_inner width=&#8221;1\/4&#8243; vertical_content_position=&#8221;middle&#8221;][vc_column_text]<\/p>\n<h4 class=\"nspHeader tcenter fnull has-image\"><a title=\"CPC y PCF Miguel \u00c1ngel Orozco Medina\" href=\"https:\/\/oma.com.mx\/en\/victor-m-rodriguez-arias\/\" target=\"_blank\" rel=\"noopener\">V\u00edctor M. Rodr\u00edguez Arias, BD<\/a><\/h4>\n<p class=\"nspText tjustify fnull\">Managing Partner<\/p>\n<div id=\"gtx-trans\" style=\"position: absolute; left: -55px; top: -16px;\">\n<div class=\"gtx-trans-icon\"><\/div>\n<\/div>\n<p>[\/vc_column_text][\/vc_column_inner][\/vc_row_inner][vc_row_inner][vc_column_inner width=&#8221;1\/4&#8243;]<div class=\"eut-element eut-image eut-align-center\" style=\"\"><div class=\"eut-image-wrapper eut-popup-item\" style=\"max-width:1815px;\"><div class=\"eut-thumbnail-wrapper\"  style=\"max-width: 1815px;\"><div class=\"eut-thumbnail\"  style=\"padding-top: 100%;\"><img decoding=\"async\" width=\"1815\" height=\"1815\" src=\"https:\/\/oma.com.mx\/wp-content\/uploads\/2025\/02\/Jose-Ivan-Gutierrez-Sandoval.png\" class=\"attachment-full size-full\" alt=\"\" data-eutf-filter=\"yes\" srcset=\"https:\/\/oma.com.mx\/wp-content\/uploads\/2025\/02\/Jose-Ivan-Gutierrez-Sandoval.png 1815w, https:\/\/oma.com.mx\/wp-content\/uploads\/2025\/02\/Jose-Ivan-Gutierrez-Sandoval-300x300.png 300w, https:\/\/oma.com.mx\/wp-content\/uploads\/2025\/02\/Jose-Ivan-Gutierrez-Sandoval-1024x1024.png 1024w, https:\/\/oma.com.mx\/wp-content\/uploads\/2025\/02\/Jose-Ivan-Gutierrez-Sandoval-150x150.png 150w, https:\/\/oma.com.mx\/wp-content\/uploads\/2025\/02\/Jose-Ivan-Gutierrez-Sandoval-768x768.png 768w, https:\/\/oma.com.mx\/wp-content\/uploads\/2025\/02\/Jose-Ivan-Gutierrez-Sandoval-1536x1536.png 1536w, https:\/\/oma.com.mx\/wp-content\/uploads\/2025\/02\/Jose-Ivan-Gutierrez-Sandoval-560x560.png 560w, https:\/\/oma.com.mx\/wp-content\/uploads\/2025\/02\/Jose-Ivan-Gutierrez-Sandoval-900x900.png 900w, https:\/\/oma.com.mx\/wp-content\/uploads\/2025\/02\/Jose-Ivan-Gutierrez-Sandoval-600x600.png 600w, https:\/\/oma.com.mx\/wp-content\/uploads\/2025\/02\/Jose-Ivan-Gutierrez-Sandoval-100x100.png 100w\" sizes=\"(max-width: 1815px) 100vw, 1815px\" \/><\/div><\/div>  <\/div><\/div>[\/vc_column_inner][vc_column_inner width=&#8221;1\/4&#8243; vertical_content_position=&#8221;middle&#8221;][vc_column_text]<\/p>\n<h4 class=\"nspHeader tcenter fnull has-image\"><a title=\"CPC y PCF Miguel \u00c1ngel Orozco Medina\" href=\"https:\/\/oma.com.mx\/en\/jose-ivan-gutierrez\/\" target=\"_blank\" rel=\"noopener\">Jos\u00e9 Iv\u00e1n Guti\u00e9rrez Sandoval, CPA<\/a><\/h4>\n<p class=\"nspText tjustify fnull\">Business Development Partner<\/p>\n<p>[\/vc_column_text][\/vc_column_inner][vc_column_inner width=&#8221;1\/4&#8243;]<div class=\"eut-element eut-image eut-align-center\" style=\"\"><div class=\"eut-image-wrapper eut-popup-item\" style=\"max-width:400px;\"><div class=\"eut-thumbnail-wrapper\"  style=\"max-width: 400px;\"><div class=\"eut-thumbnail\"  style=\"padding-top: 100%;\"><img decoding=\"async\" width=\"400\" height=\"400\" src=\"https:\/\/oma.com.mx\/wp-content\/uploads\/2022\/09\/Juan-Gerardo-Marti\u0301nez-Santilla\u0301n-2.jpg\" class=\"attachment-full size-full\" alt=\"\" data-eutf-filter=\"yes\" srcset=\"https:\/\/oma.com.mx\/wp-content\/uploads\/2022\/09\/Juan-Gerardo-Marti\u0301nez-Santilla\u0301n-2.jpg 400w, https:\/\/oma.com.mx\/wp-content\/uploads\/2022\/09\/Juan-Gerardo-Marti\u0301nez-Santilla\u0301n-2-300x300.jpg 300w, https:\/\/oma.com.mx\/wp-content\/uploads\/2022\/09\/Juan-Gerardo-Marti\u0301nez-Santilla\u0301n-2-150x150.jpg 150w, https:\/\/oma.com.mx\/wp-content\/uploads\/2022\/09\/Juan-Gerardo-Marti\u0301nez-Santilla\u0301n-2-100x100.jpg 100w\" sizes=\"(max-width: 400px) 100vw, 400px\" \/><\/div><\/div>  <\/div><\/div>[\/vc_column_inner][vc_column_inner width=&#8221;1\/4&#8243; vertical_content_position=&#8221;middle&#8221;][vc_column_text]<\/p>\n<h4 class=\"nspHeader tcenter fnull has-image\"><a title=\"LCI Leticia Merchand Alvarado\" href=\"https:\/\/oma.com.mx\/en\/juan-gerardo-martinez-santillan\/\" target=\"_blank\" rel=\"noopener\">Juan Gerardo Mart\u00ednez Santill\u00e1n, PA<\/a><\/h4>\n<p class=\"nspText tjustify fnull\">Business Development Partner<\/p>\n<p>[\/vc_column_text][\/vc_column_inner][\/vc_row_inner][vc_row_inner][vc_column_inner width=&#8221;1\/4&#8243;]<div class=\"eut-element eut-image eut-align-center\" style=\"\"><div class=\"eut-image-wrapper eut-popup-item\" style=\"max-width:1814px;\"><div class=\"eut-thumbnail-wrapper\"  style=\"max-width: 1814px;\"><div class=\"eut-thumbnail\"  style=\"padding-top: 100%;\"><img decoding=\"async\" width=\"1814\" height=\"1814\" src=\"https:\/\/oma.com.mx\/wp-content\/uploads\/2025\/02\/Pedro-Flores-Carrillo-5.png\" class=\"attachment-full size-full\" alt=\"\" data-eutf-filter=\"yes\" srcset=\"https:\/\/oma.com.mx\/wp-content\/uploads\/2025\/02\/Pedro-Flores-Carrillo-5.png 1814w, https:\/\/oma.com.mx\/wp-content\/uploads\/2025\/02\/Pedro-Flores-Carrillo-5-300x300.png 300w, https:\/\/oma.com.mx\/wp-content\/uploads\/2025\/02\/Pedro-Flores-Carrillo-5-1024x1024.png 1024w, https:\/\/oma.com.mx\/wp-content\/uploads\/2025\/02\/Pedro-Flores-Carrillo-5-150x150.png 150w, https:\/\/oma.com.mx\/wp-content\/uploads\/2025\/02\/Pedro-Flores-Carrillo-5-768x768.png 768w, https:\/\/oma.com.mx\/wp-content\/uploads\/2025\/02\/Pedro-Flores-Carrillo-5-1536x1536.png 1536w, https:\/\/oma.com.mx\/wp-content\/uploads\/2025\/02\/Pedro-Flores-Carrillo-5-560x560.png 560w, https:\/\/oma.com.mx\/wp-content\/uploads\/2025\/02\/Pedro-Flores-Carrillo-5-900x900.png 900w, https:\/\/oma.com.mx\/wp-content\/uploads\/2025\/02\/Pedro-Flores-Carrillo-5-600x600.png 600w, https:\/\/oma.com.mx\/wp-content\/uploads\/2025\/02\/Pedro-Flores-Carrillo-5-100x100.png 100w\" sizes=\"(max-width: 1814px) 100vw, 1814px\" \/><\/div><\/div>  <\/div><\/div>[\/vc_column_inner][vc_column_inner width=&#8221;1\/4&#8243; vertical_content_position=&#8221;middle&#8221;][vc_column_text]<\/p>\n<h4 class=\"nspHeader tcenter fnull has-image\"><a title=\"CPC y PCF Miguel \u00c1ngel Orozco Medina\" href=\"https:\/\/oma.com.mx\/en\/pedro-flores\/\" target=\"_blank\" rel=\"noopener\">Pedro Flores Carrillo, CPA<\/a><\/h4>\n<p class=\"nspText tjustify fnull\">Audit, Sox &amp; Risk Consulting Partner<\/p>\n<p>[\/vc_column_text][\/vc_column_inner][vc_column_inner width=&#8221;1\/4&#8243;]<div class=\"eut-element eut-image eut-align-center\" style=\"\"><div class=\"eut-image-wrapper eut-popup-item\" style=\"max-width:400px;\"><div class=\"eut-thumbnail-wrapper\"  style=\"max-width: 400px;\"><div class=\"eut-thumbnail\"  style=\"padding-top: 100%;\"><img decoding=\"async\" width=\"400\" height=\"400\" src=\"https:\/\/oma.com.mx\/wp-content\/uploads\/2022\/09\/Felipe-Domi\u0301nguez-Pulido-2.jpg\" class=\"attachment-full size-full\" alt=\"\" data-eutf-filter=\"yes\" srcset=\"https:\/\/oma.com.mx\/wp-content\/uploads\/2022\/09\/Felipe-Domi\u0301nguez-Pulido-2.jpg 400w, https:\/\/oma.com.mx\/wp-content\/uploads\/2022\/09\/Felipe-Domi\u0301nguez-Pulido-2-300x300.jpg 300w, https:\/\/oma.com.mx\/wp-content\/uploads\/2022\/09\/Felipe-Domi\u0301nguez-Pulido-2-150x150.jpg 150w, https:\/\/oma.com.mx\/wp-content\/uploads\/2022\/09\/Felipe-Domi\u0301nguez-Pulido-2-100x100.jpg 100w\" sizes=\"(max-width: 400px) 100vw, 400px\" \/><\/div><\/div>  <\/div><\/div>[\/vc_column_inner][vc_column_inner width=&#8221;1\/4&#8243; vertical_content_position=&#8221;middle&#8221;][vc_column_text]<\/p>\n<h4 class=\"nspHeader tcenter fnull has-image\"><a title=\"LCI Leticia Merchand Alvarado\" href=\"https:\/\/oma.com.mx\/en\/felipe-dominguez-pulido\/\" target=\"_blank\" rel=\"noopener\">Felipe Dom\u00ednguez Pulido, CPA<\/a><\/h4>\n<p class=\"nspText tjustify fnull\">Tax and Transfer Pricing Partner<\/p>\n<p>[\/vc_column_text][\/vc_column_inner][\/vc_row_inner][vc_row_inner][vc_column_inner width=&#8221;1\/4&#8243;]<div class=\"eut-element eut-image eut-align-center\" style=\"\"><div class=\"eut-image-wrapper eut-popup-item\" style=\"max-width:400px;\"><div class=\"eut-thumbnail-wrapper\"  style=\"max-width: 400px;\"><div class=\"eut-thumbnail\"  style=\"padding-top: 99.5%;\"><img decoding=\"async\" width=\"400\" height=\"398\" src=\"https:\/\/oma.com.mx\/wp-content\/uploads\/2022\/09\/Jose\u0301-Iva\u0301n-Lobo-Vela\u0301zquez-2.jpg\" class=\"attachment-full size-full\" alt=\"\" data-eutf-filter=\"yes\" srcset=\"https:\/\/oma.com.mx\/wp-content\/uploads\/2022\/09\/Jose\u0301-Iva\u0301n-Lobo-Vela\u0301zquez-2.jpg 400w, https:\/\/oma.com.mx\/wp-content\/uploads\/2022\/09\/Jose\u0301-Iva\u0301n-Lobo-Vela\u0301zquez-2-300x300.jpg 300w, https:\/\/oma.com.mx\/wp-content\/uploads\/2022\/09\/Jose\u0301-Iva\u0301n-Lobo-Vela\u0301zquez-2-150x150.jpg 150w, https:\/\/oma.com.mx\/wp-content\/uploads\/2022\/09\/Jose\u0301-Iva\u0301n-Lobo-Vela\u0301zquez-2-100x100.jpg 100w\" sizes=\"(max-width: 400px) 100vw, 400px\" \/><\/div><\/div>  <\/div><\/div>[\/vc_column_inner][vc_column_inner width=&#8221;1\/4&#8243; vertical_content_position=&#8221;middle&#8221;][vc_column_text]<\/p>\n<h4 class=\"nspHeader tcenter fnull has-image\"><a title=\"CPC y PCF Miguel \u00c1ngel Orozco Medina\" href=\"https:\/\/oma.com.mx\/en\/jose-ivan-lobo-velazquez\/\" target=\"_blank\" rel=\"noopener\">Jos\u00e9 Iv\u00e1n Lobo Vel\u00e1zquez <\/a><\/h4>\n<p class=\"nspText tjustify fnull\">IT Director<\/p>\n<div id=\"gtx-trans\" style=\"position: absolute; left: -23px; top: 75.7969px;\">\n<div class=\"gtx-trans-icon\"><\/div>\n<\/div>\n<p>[\/vc_column_text][\/vc_column_inner][vc_column_inner width=&#8221;1\/4&#8243;]<div class=\"eut-element eut-image eut-align-center\" style=\"\"><div class=\"eut-image-wrapper eut-popup-item\" style=\"max-width:1812px;\"><div class=\"eut-thumbnail-wrapper\"  style=\"max-width: 1812px;\"><div class=\"eut-thumbnail\"  style=\"padding-top: 100.055%;\"><img decoding=\"async\" width=\"1812\" height=\"1813\" src=\"https:\/\/oma.com.mx\/wp-content\/uploads\/2026\/03\/Esmeralda-Pastrana-6.png\" class=\"attachment-full size-full\" alt=\"\" data-eutf-filter=\"yes\" srcset=\"https:\/\/oma.com.mx\/wp-content\/uploads\/2026\/03\/Esmeralda-Pastrana-6.png 1812w, https:\/\/oma.com.mx\/wp-content\/uploads\/2026\/03\/Esmeralda-Pastrana-6-300x300.png 300w, https:\/\/oma.com.mx\/wp-content\/uploads\/2026\/03\/Esmeralda-Pastrana-6-1024x1024.png 1024w, https:\/\/oma.com.mx\/wp-content\/uploads\/2026\/03\/Esmeralda-Pastrana-6-150x150.png 150w, https:\/\/oma.com.mx\/wp-content\/uploads\/2026\/03\/Esmeralda-Pastrana-6-768x768.png 768w, https:\/\/oma.com.mx\/wp-content\/uploads\/2026\/03\/Esmeralda-Pastrana-6-1536x1536.png 1536w, https:\/\/oma.com.mx\/wp-content\/uploads\/2026\/03\/Esmeralda-Pastrana-6-560x560.png 560w, https:\/\/oma.com.mx\/wp-content\/uploads\/2026\/03\/Esmeralda-Pastrana-6-900x900.png 900w, https:\/\/oma.com.mx\/wp-content\/uploads\/2026\/03\/Esmeralda-Pastrana-6-600x600.png 600w, https:\/\/oma.com.mx\/wp-content\/uploads\/2026\/03\/Esmeralda-Pastrana-6-100x100.png 100w\" sizes=\"(max-width: 1812px) 100vw, 1812px\" \/><\/div><\/div>  <\/div><\/div>[\/vc_column_inner][vc_column_inner width=&#8221;1\/4&#8243; vertical_content_position=&#8221;middle&#8221;][vc_column_text]<\/p>\n<h4 class=\"nspHeader tcenter fnull has-image\"><a title=\"LCI Leticia Merchand Alvarado\" href=\"https:\/\/oma.com.mx\/en\/beatriz-esmeralda-pastrana-perez-ma\/\" target=\"_blank\" rel=\"noopener\">Beatriz Esmeralda Pastrana P\u00e9rez, MA<\/a><\/h4>\n<p class=\"nspText tjustify fnull\">Human Resources Director<\/p>\n<p>[\/vc_column_text][\/vc_column_inner][\/vc_row_inner][vc_row_inner][vc_column_inner width=&#8221;1\/4&#8243;]<div class=\"eut-element eut-image eut-align-center\" style=\"\"><div class=\"eut-image-wrapper eut-popup-item\" style=\"max-width:400px;\"><div class=\"eut-thumbnail-wrapper\"  style=\"max-width: 400px;\"><div class=\"eut-thumbnail\"  style=\"padding-top: 100%;\"><img decoding=\"async\" width=\"400\" height=\"400\" src=\"https:\/\/oma.com.mx\/wp-content\/uploads\/2022\/09\/Leticia-Merchand-Alvarado.jpg\" class=\"attachment-full size-full\" alt=\"\" data-eutf-filter=\"yes\" srcset=\"https:\/\/oma.com.mx\/wp-content\/uploads\/2022\/09\/Leticia-Merchand-Alvarado.jpg 400w, https:\/\/oma.com.mx\/wp-content\/uploads\/2022\/09\/Leticia-Merchand-Alvarado-300x300.jpg 300w, https:\/\/oma.com.mx\/wp-content\/uploads\/2022\/09\/Leticia-Merchand-Alvarado-150x150.jpg 150w, https:\/\/oma.com.mx\/wp-content\/uploads\/2022\/09\/Leticia-Merchand-Alvarado-100x100.jpg 100w\" sizes=\"(max-width: 400px) 100vw, 400px\" \/><\/div><\/div>  <\/div><\/div>[\/vc_column_inner][vc_column_inner width=&#8221;1\/4&#8243; vertical_content_position=&#8221;middle&#8221;][vc_column_text]<\/p>\n<h4 class=\"nspHeader tcenter fnull has-image\"><a title=\"LCI Leticia Merchand Alvarado\" href=\"https:\/\/oma.com.mx\/en\/leticia-merchand-alvarado\/\" target=\"_blank\" rel=\"noopener\">LCI Leticia Merchand Alvarado<\/a><\/h4>\n<p class=\"nspText tjustify fnull\">Foreign Trade Manager<\/p>\n<p>[\/vc_column_text][\/vc_column_inner][vc_column_inner width=&#8221;1\/4&#8243;]<div class=\"eut-element eut-image eut-align-center\" style=\"\"><div class=\"eut-image-wrapper eut-popup-item\" style=\"max-width:5145px;\"><div class=\"eut-thumbnail-wrapper\"  style=\"max-width: 5145px;\"><div class=\"eut-thumbnail\"  style=\"padding-top: 100.175%;\"><img decoding=\"async\" width=\"5145\" height=\"5154\" src=\"https:\/\/oma.com.mx\/wp-content\/uploads\/2023\/06\/Selene-Sanchez_Foto_Intranet.png\" class=\"attachment-full size-full\" alt=\"\" data-eutf-filter=\"yes\" srcset=\"https:\/\/oma.com.mx\/wp-content\/uploads\/2023\/06\/Selene-Sanchez_Foto_Intranet.png 5145w, https:\/\/oma.com.mx\/wp-content\/uploads\/2023\/06\/Selene-Sanchez_Foto_Intranet-300x300.png 300w, https:\/\/oma.com.mx\/wp-content\/uploads\/2023\/06\/Selene-Sanchez_Foto_Intranet-1022x1024.png 1022w, https:\/\/oma.com.mx\/wp-content\/uploads\/2023\/06\/Selene-Sanchez_Foto_Intranet-150x150.png 150w, https:\/\/oma.com.mx\/wp-content\/uploads\/2023\/06\/Selene-Sanchez_Foto_Intranet-768x769.png 768w, https:\/\/oma.com.mx\/wp-content\/uploads\/2023\/06\/Selene-Sanchez_Foto_Intranet-1533x1536.png 1533w, https:\/\/oma.com.mx\/wp-content\/uploads\/2023\/06\/Selene-Sanchez_Foto_Intranet-560x560.png 560w, https:\/\/oma.com.mx\/wp-content\/uploads\/2023\/06\/Selene-Sanchez_Foto_Intranet-1917x1920.png 1917w, https:\/\/oma.com.mx\/wp-content\/uploads\/2023\/06\/Selene-Sanchez_Foto_Intranet-600x601.png 600w, https:\/\/oma.com.mx\/wp-content\/uploads\/2023\/06\/Selene-Sanchez_Foto_Intranet-100x100.png 100w\" sizes=\"(max-width: 5145px) 100vw, 5145px\" \/><\/div><\/div>  <\/div><\/div>[\/vc_column_inner][vc_column_inner width=&#8221;1\/4&#8243; vertical_content_position=&#8221;middle&#8221;][vc_column_text]<\/p>\n<h4 class=\"nspHeader tcenter fnull has-image\"><a title=\"LCI Leticia Merchand Alvarado\" href=\"https:\/\/oma.com.mx\/en\/elma-selene-sanchez-perez-pa\/\" target=\"_blank\" rel=\"noopener\">Elma Selene S\u00e1nchez P\u00e9rez, PA<\/a><\/h4>\n<p class=\"nspText tjustify fnull\">SOX &amp; Risk Consulting Manager<\/p>\n<p>[\/vc_column_text][\/vc_column_inner][\/vc_row_inner][\/vc_column][\/vc_row]<\/p>\n<\/section>","protected":false},"excerpt":{"rendered":"<p>[vc_row section_type=&#8221;fullwidth&#8221; padding_top_multiplier=&#8221;&#8221; padding_bottom_multiplier=&#8221;&#8221;][vc_column vertical_content_position=&#8221;middle&#8221;][\/vc_column][\/vc_row][vc_row rc_heading_color=&#8221;primary-1&#8243; el_wrapper_class=&#8221;personal&#8221;][vc_column width=&#8221;1\/4&#8243;][vc_column_text el_class=&#8221;menu&#8221;] About us Our partners and key personnel Some of our clients Our Alliances [\/vc_column_text][vc_column_text] Download our brochure\u00a0here[\/vc_column_text][\/vc_column][vc_column width=&#8221;3\/4&#8243; rc_bg_type=&#8221;color&#8221; rc_bg_color=&#8221;#efefef&#8221; css=&#8221;.vc_custom_1648668725430{padding: 2% !important;}&#8221;][vc_column_text] Our partners and key personnel We are aware that business is not done between companies; it is always between persons. On both sides [&hellip;]<\/p>\n","protected":false},"author":105,"featured_media":0,"parent":0,"menu_order":0,"comment_status":"closed","ping_status":"closed","template":"","meta":{"_seopress_robots_primary_cat":"","_seopress_titles_title":"Our partners and key personnel","_seopress_titles_desc":"","_seopress_robots_index":"","content-type":"","footnotes":""},"class_list":["post-1898","page","type-page","status-publish","hentry"],"_links":{"self":[{"href":"https:\/\/oma.com.mx\/en\/wp-json\/wp\/v2\/pages\/1898"}],"collection":[{"href":"https:\/\/oma.com.mx\/en\/wp-json\/wp\/v2\/pages"}],"about":[{"href":"https:\/\/oma.com.mx\/en\/wp-json\/wp\/v2\/types\/page"}],"author":[{"embeddable":true,"href":"https:\/\/oma.com.mx\/en\/wp-json\/wp\/v2\/users\/105"}],"replies":[{"embeddable":true,"href":"https:\/\/oma.com.mx\/en\/wp-json\/wp\/v2\/comments?post=1898"}],"version-history":[{"count":0,"href":"https:\/\/oma.com.mx\/en\/wp-json\/wp\/v2\/pages\/1898\/revisions"}],"wp:attachment":[{"href":"https:\/\/oma.com.mx\/en\/wp-json\/wp\/v2\/media?parent=1898"}],"curies":[{"name":"wp","href":"https:\/\/api.w.org\/{rel}","templated":true}]}}