{"id":1941,"date":"2022-03-31T18:48:34","date_gmt":"2022-03-31T18:48:34","guid":{"rendered":"https:\/\/oma.com.mx\/v1\/auditoria-de-ti\/"},"modified":"2026-03-10T11:15:09","modified_gmt":"2026-03-10T17:15:09","slug":"it-audit","status":"publish","type":"page","link":"https:\/\/oma.com.mx\/en\/it-audit\/","title":{"rendered":"IT Audit"},"content":{"rendered":"<section class=\"wpb-content-wrapper\"><p>[vc_row section_type=&#8221;fullwidth&#8221; padding_top_multiplier=&#8221;&#8221; padding_bottom_multiplier=&#8221;&#8221;][vc_column vertical_content_position=&#8221;middle&#8221;]<div class=\"eut-element eut-image eut-align-center\" style=\"\"><div class=\"eut-image-wrapper eut-popup-item\" style=\"max-width:2560px;\"><div class=\"eut-thumbnail-wrapper\"  style=\"max-width: 2560px;\"><div class=\"eut-thumbnail\"  style=\"padding-top: 34.492%;\"><img decoding=\"async\" width=\"2560\" height=\"883\" src=\"https:\/\/oma.com.mx\/wp-content\/uploads\/2023\/02\/S_TI-scaled.jpg\" class=\"attachment-full size-full\" alt=\"\" data-eutf-filter=\"yes\" srcset=\"https:\/\/oma.com.mx\/wp-content\/uploads\/2023\/02\/S_TI-scaled.jpg 2560w, https:\/\/oma.com.mx\/wp-content\/uploads\/2023\/02\/S_TI-300x103.jpg 300w, https:\/\/oma.com.mx\/wp-content\/uploads\/2023\/02\/S_TI-1024x353.jpg 1024w, https:\/\/oma.com.mx\/wp-content\/uploads\/2023\/02\/S_TI-768x265.jpg 768w, https:\/\/oma.com.mx\/wp-content\/uploads\/2023\/02\/S_TI-1536x530.jpg 1536w, https:\/\/oma.com.mx\/wp-content\/uploads\/2023\/02\/S_TI-1920x662.jpg 1920w, https:\/\/oma.com.mx\/wp-content\/uploads\/2023\/02\/S_TI-600x207.jpg 600w\" sizes=\"(max-width: 2560px) 100vw, 2560px\" \/><\/div><\/div>  <\/div><\/div>[\/vc_column][\/vc_row][vc_row rc_heading_color=&#8221;primary-1&#8243;][vc_column width=&#8221;1\/4&#8243;][vc_column_text el_class=&#8221;menu&#8221;]<\/p>\n<ul class=\"menu\">\n<li class=\"item-1109 current active\"><a href=\"https:\/\/oma.com.mx\/en\/business-development\/\">Business Development<\/a><\/li>\n<li class=\"item-1108\"><a href=\"https:\/\/oma.com.mx\/en\/audit\/\">Audit<\/a><\/li>\n<li><a href=\"https:\/\/oma.com.mx\/en\/legal-and-corporate-advisory\/\">Legal and Corporate Advisory<\/a><\/li>\n<li class=\"item-1057\"><a href=\"https:\/\/oma.com.mx\/en\/tax-consulting\/\">Tax Consulting<\/a><\/li>\n<li class=\"item-663\"><a href=\"https:\/\/oma.com.mx\/en\/sox-risk-consulting\/\">SOX &amp; Risk Consulting<\/a><\/li>\n<li><a href=\"https:\/\/oma.com.mx\/en\/transfer-pricing\/\">Transfer Pricing<\/a><\/li>\n<li><a href=\"https:\/\/oma.com.mx\/en\/foreign-trade-consulting\/\"> Foreign Trade Consulting<\/a><\/li>\n<li><a href=\"https:\/\/oma.com.mx\/en\/it-audit\/\"> IT Audit<\/a><\/li>\n<li><a href=\"https:\/\/oma.com.mx\/en\/human-resources\/\"> Human Resources<\/a><\/li>\n<\/ul>\n<p>[\/vc_column_text]<div class=\"eut-empty-space eut-height-1x\" style=\"\"><\/div>[vc_column_text]<img decoding=\"async\" class=\"wp-image-840 alignleft\" src=\"https:\/\/oma.com.mx\/wp-content\/uploads\/2022\/03\/decarga_icon.jpeg\" alt=\"\" width=\"21\" height=\"22\" srcset=\"https:\/\/oma.com.mx\/wp-content\/uploads\/2022\/03\/decarga_icon.jpeg 266w, https:\/\/oma.com.mx\/wp-content\/uploads\/2022\/03\/decarga_icon-150x150.jpeg 150w, https:\/\/oma.com.mx\/wp-content\/uploads\/2022\/03\/decarga_icon-100x100.jpeg 100w\" sizes=\"(max-width: 21px) 100vw, 21px\" \/> Download our brochure\u00a0<a href=\"https:\/\/oma.com.mx\/wp-content\/uploads\/2026\/03\/Presentacion_Ingles_MOM_CL-2025-50-Years.pptx-1.pdf\" target=\"_blank\" rel=\"noopener\">here<\/a>[\/vc_column_text][\/vc_column][vc_column width=&#8221;1\/2&#8243; rc_bg_type=&#8221;color&#8221; rc_bg_color=&#8221;#efefef&#8221; css=&#8221;.vc_custom_1648668725430{padding: 2% !important;}&#8221;][vc_column_text]<\/p>\n<header>\n<h1>Information Technology<\/h1>\n<\/header>\n<div class=\"itemBody\">\n<p>We know the business of our clients and we assist them by reviewing and addressing their needs concerning Information Technology. We aim to create synergies and alliances that enable us to become part of your company as your trusted partners, identifying areas of opportunity and potential risks that can be addressed and corrected proactively, thus avoiding significant losses for your business.<br \/>\nWe also provide you with customized development services that will allow you to automate processes and reduce costs, in pursuit of a digital transformation for your business.<\/p>\n<p><strong>Our services include:<\/strong><\/p>\n<ul>\n<li style=\"font-weight: 400;\" aria-level=\"1\"><span style=\"font-weight: 400;\">Identifying risks and vulnerabilities in cybersecurity and addressing them by means of a remediation action plan.<\/span><\/li>\n<li><span style=\"font-weight: 400;\">IT audits focused on your company&#8217;s internal control requirements.<\/span><\/li>\n<li><span style=\"font-weight: 400;\">Consulting technology services in virtual environments to achieve your digital transformation.<\/span><\/li>\n<li><span style=\"font-weight: 400;\">Providing (IaaS) infrastructure and (SaaS) software access for accounting services in the cloud.<\/span><\/li>\n<li><span style=\"font-weight: 400;\">Developing software applications that enable the automation of your processes.<\/span><\/li>\n<li><span style=\"font-weight: 400;\">Implementing technological services in infrastructure, servers and networks for SMEs.<\/span><\/li>\n<li style=\"font-weight: 400;\" aria-level=\"1\"><span style=\"font-weight: 400;\">Technical support for SMEs that do not have an IT department or need more support.<\/span><\/li>\n<\/ul>\n<\/div>\n<p>[\/vc_column_text][\/vc_column][vc_column width=&#8221;1\/4&#8243; column_sticky=&#8221;yes&#8221;][vc_row_inner padding_top_multiplier=&#8221;&#8221; padding_bottom_multiplier=&#8221;&#8221; rc_heading_color=&#8221;light&#8221;][vc_column_inner rc_bg_type=&#8221;color&#8221; rc_bg_color=&#8221;#004c6c&#8221; css=&#8221;.vc_custom_1648749394213{padding: 5% !important;}&#8221;]<h3 class=\"eut-element eut-title eut-align-center eut-h4\" style=\"\"><span>Contact us<\/span><\/h3><div class=\"wpforms-container wpforms-container-full\" id=\"wpforms-2045\"><form id=\"wpforms-form-2045\" class=\"wpforms-validate wpforms-form wpforms-ajax-form\" data-formid=\"2045\" method=\"post\" enctype=\"multipart\/form-data\" action=\"\/en\/wp-json\/wp\/v2\/pages\/1941\" data-token=\"0d26ab38b54a4a7578991f887da1d788\" data-token-time=\"1777284053\"><noscript class=\"wpforms-error-noscript\">Please enable JavaScript in your browser to complete this form.<\/noscript><div class=\"wpforms-field-container\"><div id=\"wpforms-2045-field_0-container\" class=\"wpforms-field wpforms-field-name\" data-field-id=\"0\"><label class=\"wpforms-field-label wpforms-label-hide\" for=\"wpforms-2045-field_0\">Name <span class=\"wpforms-required-label\">*<\/span><\/label><input type=\"text\" id=\"wpforms-2045-field_0\" class=\"wpforms-field-large wpforms-field-required\" name=\"wpforms[fields][0]\" placeholder=\"Name\" required><\/div><div id=\"wpforms-2045-field_11-container\" class=\"wpforms-field wpforms-field-email\" data-field-id=\"11\"><label class=\"wpforms-field-label\" for=\"wpforms-2045-field_11\">Correo electr\u00f3nico <span class=\"wpforms-required-label\">*<\/span><\/label><input type=\"email\" id=\"wpforms-2045-field_11\" class=\"wpforms-field-medium wpforms-field-required\" data-rule-restricted-email=\"1\" name=\"wpforms[fields][11]\" spellcheck=\"false\" required><\/div><div id=\"wpforms-2045-field_3-container\" class=\"wpforms-field wpforms-field-phone\" data-field-id=\"3\"><label class=\"wpforms-field-label wpforms-label-hide\" for=\"wpforms-2045-field_3\">Phone <span class=\"wpforms-required-label\">*<\/span><\/label><input type=\"tel\" id=\"wpforms-2045-field_3\" class=\"wpforms-field-large wpforms-field-required wpforms-smart-phone-field\" data-rule-smart-phone-field=\"true\" name=\"wpforms[fields][3]\" placeholder=\"Phone\" aria-label=\"Phone\" required><\/div><div id=\"wpforms-2045-field_4-container\" class=\"wpforms-field wpforms-field-text\" data-field-id=\"4\"><label class=\"wpforms-field-label wpforms-label-hide\" for=\"wpforms-2045-field_4\">Business <span class=\"wpforms-required-label\">*<\/span><\/label><input type=\"text\" id=\"wpforms-2045-field_4\" class=\"wpforms-field-large wpforms-field-required\" name=\"wpforms[fields][4]\" placeholder=\"Business\" required><\/div><div id=\"wpforms-2045-field_6-container\" class=\"wpforms-field wpforms-field-select wpforms-field-select-style-classic\" data-field-id=\"6\"><label class=\"wpforms-field-label wpforms-label-hide\" for=\"wpforms-2045-field_6\">Type of service<\/label><select id=\"wpforms-2045-field_6\" class=\"wpforms-field-large\" name=\"wpforms[fields][6]\"><option value=\"\" class=\"placeholder\" disabled  selected='selected'>Type of service<\/option><option value=\"Business Development\" >Business Development<\/option><option value=\"Audit\" >Audit<\/option><option value=\"Tax Consulting\" >Tax Consulting<\/option><option value=\"SOX &amp; Risk Consulting\" >SOX &amp; Risk Consulting<\/option><option value=\"Transfer Pricing\" >Transfer Pricing<\/option><option value=\"Foreign Trade Consulting\" >Foreign Trade Consulting<\/option><option value=\"IT Audit\" >IT Audit<\/option><option value=\"Human Resources\" >Human Resources<\/option><\/select><\/div><div id=\"wpforms-2045-field_2-container\" class=\"wpforms-field wpforms-field-textarea\" data-field-id=\"2\"><label class=\"wpforms-field-label wpforms-label-hide\" for=\"wpforms-2045-field_2\">Write your comment here <span class=\"wpforms-required-label\">*<\/span><\/label><textarea id=\"wpforms-2045-field_2\" class=\"wpforms-field-medium wpforms-field-required\" name=\"wpforms[fields][2]\" placeholder=\"Write your comment here\" required><\/textarea><\/div><div id=\"wpforms-2045-field_9-container\" class=\"wpforms-field wpforms-field-checkbox\" data-field-id=\"9\"><label class=\"wpforms-field-label wpforms-label-hide\">Acuerdo RGPD <span class=\"wpforms-required-label\">*<\/span><\/label><ul id=\"wpforms-2045-field_9\" class=\"wpforms-field-required\"><li class=\"choice-1 depth-1\"><input type=\"checkbox\" id=\"wpforms-2045-field_9_1\" name=\"wpforms[fields][9][]\" value=\"Acepto y he le\u00eddo las &lt;a href=&quot;https:\/\/oma.com.mx\/aviso-de-privacidad\/&quot; Target=&quot;_blank&quot;&gt; &lt;strong&gt;Pol\u00edticas de privacidad &lt;\/input&gt; &lt;\/strong&gt;&lt;\/a&gt;\" required ><label class=\"wpforms-field-label-inline\" for=\"wpforms-2045-field_9_1\">Acepto y he le\u00eddo las <a href=\"https:\/\/oma.com.mx\/aviso-de-privacidad\/\" Target=\"_blank\"> <strong>Pol\u00edticas de privacidad  <\/strong><\/a><\/label><\/li><\/ul><\/div><\/div><!-- .wpforms-field-container --><div class=\"wpforms-recaptcha-container wpforms-is-hcaptcha\" ><div class=\"g-recaptcha\" data-sitekey=\"1c957bb9-a7bc-4fff-aa94-05c94511d7d2\"><\/div><input type=\"text\" name=\"g-recaptcha-hidden\" class=\"wpforms-recaptcha-hidden\" style=\"position:absolute!important;clip:rect(0,0,0,0)!important;height:1px!important;width:1px!important;border:0!important;overflow:hidden!important;padding:0!important;margin:0!important;\" data-rule-hcaptcha=\"1\"><\/div><div class=\"wpforms-submit-container\" ><input type=\"hidden\" name=\"wpforms[id]\" value=\"2045\"><input type=\"hidden\" name=\"page_title\" value=\"\"><input type=\"hidden\" name=\"page_url\" value=\"https:\/\/oma.com.mx\/en\/wp-json\/wp\/v2\/pages\/1941\"><button type=\"submit\" name=\"wpforms[submit]\" id=\"wpforms-submit-2045\" class=\"wpforms-submit\" data-alt-text=\"Sending...\" data-submit-text=\"Send\" aria-live=\"assertive\" value=\"wpforms-submit\">Send<\/button><img decoding=\"async\" src=\"https:\/\/oma.com.mx\/wp-content\/plugins\/wpforms\/assets\/images\/submit-spin.svg\" class=\"wpforms-submit-spinner\" style=\"display: none;\" width=\"26\" height=\"26\" alt=\"Loading\"><\/div><\/form><\/div>  <!-- .wpforms-container -->[\/vc_column_inner][\/vc_row_inner][vc_row_inner][vc_column_inner]<h3 class=\"eut-element eut-title eut-align-center eut-h6\" style=\"\"><span>Contact our consultant<\/span><\/h3>[\/vc_column_inner][\/vc_row_inner][vc_row_inner padding_bottom_multiplier=&#8221;&#8221; el_class=&#8221;especialistas&#8221;][vc_column_inner]<div class=\"eut-element eut-box-icon eut-side-icon eut-align-left\" style=\"\"><div class=\"eut-single-icon eut-image-icon eut-extra-large\"><div class=\"eut-thumbnail-wrapper\"><div class=\"eut-thumbnail\"  style=\"padding-top: 99.5%;\"><img decoding=\"async\" width=\"400\" height=\"398\" src=\"https:\/\/oma.com.mx\/wp-content\/uploads\/2022\/09\/Jose\u0301-Iva\u0301n-Lobo-Vela\u0301zquez-2.jpg\" class=\"attachment-full size-full\" alt=\"\" data-eutf-filter=\"yes\" srcset=\"https:\/\/oma.com.mx\/wp-content\/uploads\/2022\/09\/Jose\u0301-Iva\u0301n-Lobo-Vela\u0301zquez-2.jpg 400w, https:\/\/oma.com.mx\/wp-content\/uploads\/2022\/09\/Jose\u0301-Iva\u0301n-Lobo-Vela\u0301zquez-2-300x300.jpg 300w, https:\/\/oma.com.mx\/wp-content\/uploads\/2022\/09\/Jose\u0301-Iva\u0301n-Lobo-Vela\u0301zquez-2-150x150.jpg 150w, https:\/\/oma.com.mx\/wp-content\/uploads\/2022\/09\/Jose\u0301-Iva\u0301n-Lobo-Vela\u0301zquez-2-100x100.jpg 100w\" sizes=\"(max-width: 400px) 100vw, 400px\" \/><\/div><\/div><\/div><div class=\"eut-box-content\"><h3 class=\"eut-box-title eut-h6\">JOS\u00c9 IV\u00c1N LOBO VEL\u00c1ZQUEZ<\/h3>  <p class=\"\">IT Director<\/p><\/div><\/div><div class=\"eut-empty-space eut-height-1x\" style=\"\"><\/div>[\/vc_column_inner][\/vc_row_inner][\/vc_column][\/vc_row]<\/p>\n<\/section>","protected":false},"excerpt":{"rendered":"<p>[vc_row section_type=&#8221;fullwidth&#8221; padding_top_multiplier=&#8221;&#8221; padding_bottom_multiplier=&#8221;&#8221;][vc_column vertical_content_position=&#8221;middle&#8221;][\/vc_column][\/vc_row][vc_row rc_heading_color=&#8221;primary-1&#8243;][vc_column width=&#8221;1\/4&#8243;][vc_column_text el_class=&#8221;menu&#8221;] Business Development Audit Legal and Corporate Advisory Tax Consulting SOX &amp; Risk Consulting Transfer Pricing Foreign Trade Consulting IT Audit Human Resources [\/vc_column_text][vc_column_text] Download our brochure\u00a0here[\/vc_column_text][\/vc_column][vc_column width=&#8221;1\/2&#8243; rc_bg_type=&#8221;color&#8221; rc_bg_color=&#8221;#efefef&#8221; css=&#8221;.vc_custom_1648668725430{padding: 2% !important;}&#8221;][vc_column_text] Information Technology We know the business of our clients and we assist them by reviewing [&hellip;]<\/p>\n","protected":false},"author":105,"featured_media":0,"parent":0,"menu_order":0,"comment_status":"closed","ping_status":"closed","template":"","meta":{"_seopress_robots_primary_cat":"","_seopress_titles_title":"","_seopress_titles_desc":"","_seopress_robots_index":"","content-type":"","footnotes":""},"class_list":["post-1941","page","type-page","status-publish","hentry"],"_links":{"self":[{"href":"https:\/\/oma.com.mx\/en\/wp-json\/wp\/v2\/pages\/1941"}],"collection":[{"href":"https:\/\/oma.com.mx\/en\/wp-json\/wp\/v2\/pages"}],"about":[{"href":"https:\/\/oma.com.mx\/en\/wp-json\/wp\/v2\/types\/page"}],"author":[{"embeddable":true,"href":"https:\/\/oma.com.mx\/en\/wp-json\/wp\/v2\/users\/105"}],"replies":[{"embeddable":true,"href":"https:\/\/oma.com.mx\/en\/wp-json\/wp\/v2\/comments?post=1941"}],"version-history":[{"count":0,"href":"https:\/\/oma.com.mx\/en\/wp-json\/wp\/v2\/pages\/1941\/revisions"}],"wp:attachment":[{"href":"https:\/\/oma.com.mx\/en\/wp-json\/wp\/v2\/media?parent=1941"}],"curies":[{"name":"wp","href":"https:\/\/api.w.org\/{rel}","templated":true}]}}