{"id":1970,"date":"2022-05-26T19:09:10","date_gmt":"2022-05-26T19:09:10","guid":{"rendered":"https:\/\/oma.com.mx\/v1\/?page_id=1970"},"modified":"2023-11-17T19:19:03","modified_gmt":"2023-11-17T19:19:03","slug":"foreign-commerce-import-export-offshore-manufacturing","status":"publish","type":"page","link":"https:\/\/oma.com.mx\/en\/foreign-commerce-import-export-offshore-manufacturing\/","title":{"rendered":"Foreign Commerce &#8211; Import, Export, Offshore Manufacturing"},"content":{"rendered":"<section class=\"wpb-content-wrapper\"><p>[vc_row section_type=&#8221;fullwidth&#8221; padding_top_multiplier=&#8221;&#8221; padding_bottom_multiplier=&#8221;&#8221;][vc_column vertical_content_position=&#8221;middle&#8221;]<div class=\"eut-element eut-image eut-align-center\" style=\"\"><div class=\"eut-image-wrapper eut-popup-item\" style=\"max-width:2000px;\"><div class=\"eut-thumbnail-wrapper\"  style=\"max-width: 2000px;\"><div class=\"eut-thumbnail\"  style=\"padding-top: 34.5%;\"><img decoding=\"async\" width=\"2000\" height=\"690\" src=\"https:\/\/oma.com.mx\/wp-content\/uploads\/2022\/04\/ser-2.jpeg\" class=\"attachment-full size-full\" alt=\"\" data-eutf-filter=\"yes\" srcset=\"https:\/\/oma.com.mx\/wp-content\/uploads\/2022\/04\/ser-2.jpeg 2000w, https:\/\/oma.com.mx\/wp-content\/uploads\/2022\/04\/ser-2-300x104.jpeg 300w, https:\/\/oma.com.mx\/wp-content\/uploads\/2022\/04\/ser-2-1024x353.jpeg 1024w, https:\/\/oma.com.mx\/wp-content\/uploads\/2022\/04\/ser-2-768x265.jpeg 768w, https:\/\/oma.com.mx\/wp-content\/uploads\/2022\/04\/ser-2-1536x530.jpeg 1536w, https:\/\/oma.com.mx\/wp-content\/uploads\/2022\/04\/ser-2-1920x662.jpeg 1920w, https:\/\/oma.com.mx\/wp-content\/uploads\/2022\/04\/ser-2-600x207.jpeg 600w\" sizes=\"(max-width: 2000px) 100vw, 2000px\" \/><\/div><\/div>  <\/div><\/div>[\/vc_column][\/vc_row][vc_row rc_heading_color=&#8221;primary-1&#8243;][vc_column width=&#8221;1\/4&#8243;][vc_column_text el_class=&#8221;menu&#8221;]<\/p>\n<ul class=\"menu\">\n<li class=\"item-1112\"><a href=\"https:\/\/oma.com.mx\/en\/food-service-agriculture-livestock-fishing\/\">Food service &#8211; Agriculture, Livestock, Fishing<\/a><\/li>\n<li class=\"item-1121 current active\"><a href=\"https:\/\/oma.com.mx\/en\/comercializacion-manufactura-distribucion-ventas\/\"> Business and Commerce &#8211; Manufacturing, Distribution, Retail <\/a><\/li>\n<li class=\"item-1120\"><a href=\"https:\/\/oma.com.mx\/en\/foreign-commerce-import-export-offshore-manufacturing\/\"> Foreign Commerce &#8211; Import, Export, Offshore Manufacturing <\/a><\/li>\n<li class=\"item-1116\"><a href=\"https:\/\/oma.com.mx\/en\/learning-universities-education-training-2\/\"> Learning &#8211; Universities, Education, Training <\/a><\/li>\n<li class=\"item-1122\"><a href=\"https:\/\/oma.com.mx\/en\/exploration-energy-mining-oil\/\"> Exploration &#8211; Energy, Mining, Oil <\/a><\/li>\n<li class=\"item-1114\"><a href=\"https:\/\/oma.com.mx\/en\/inmobiliario-construccion-bienes-raices\/\"> Real Estate &#8211; Construction, Property <\/a><\/li>\n<li class=\"item-1117\"><a href=\"https:\/\/oma.com.mx\/en\/organizaciones-gobierno-no-gubernamentales-sector-publico\/\"> Organizations: Government, Non-Government, Public Sector <\/a><\/li>\n<li class=\"item-1115\"><a href=\"https:\/\/oma.com.mx\/en\/health-cosmetics-and-pharmaceutical-industry-hospitals\/\"> Health \u2013 Cosmetics and Pharmaceutical Industry, Hospitals <\/a><\/li>\n<li class=\"item-1123\"><a href=\"https:\/\/oma.com.mx\/en\/services-consulting-assessment-valuation-enterprises\/\"> Services \u2013 Consulting, Assessment, Valuation enterprises <\/a><\/li>\n<li class=\"item-1113\"><a href=\"https:\/\/oma.com.mx\/en\/tecnologia-industria-electronica-tecnologia-de-informacion-comercio-electronico\/\"> Technology \u2013 Electronics Industry, Information Technology, e-Commerce <\/a><\/li>\n<li class=\"item-1118\"><a href=\"https:\/\/oma.com.mx\/en\/transportacion-ferrocarriles-navieras-automotriz-aeroespacial-2\/\"> Transportation \u2013 Railroads, Shipping, Automotive, Aerospace <\/a><\/li>\n<li class=\"item-1119\"><a href=\"https:\/\/oma.com.mx\/en\/tourism-hotels-leisure\/\"> Tourism \u2013 Hotels, Leisure <\/a><\/li>\n<\/ul>\n<p>[\/vc_column_text]<div class=\"eut-empty-space eut-height-1x\" style=\"\"><\/div>[vc_column_text]<img decoding=\"async\" class=\"wp-image-840 alignleft\" src=\"https:\/\/oma.com.mx\/wp-content\/uploads\/2022\/03\/decarga_icon.jpeg\" alt=\"\" width=\"21\" height=\"22\" srcset=\"https:\/\/oma.com.mx\/wp-content\/uploads\/2022\/03\/decarga_icon.jpeg 266w, https:\/\/oma.com.mx\/wp-content\/uploads\/2022\/03\/decarga_icon-150x150.jpeg 150w, https:\/\/oma.com.mx\/wp-content\/uploads\/2022\/03\/decarga_icon-100x100.jpeg 100w\" sizes=\"(max-width: 21px) 100vw, 21px\" \/> Download our brochure <a href=\"https:\/\/oma.com.mx\/wp-content\/uploads\/2022\/07\/Presentacio\u0301n_Ingle\u0301s_MOM_SL-2022.-1.pdf\" target=\"_blank\" rel=\"noopener\">here<\/a>[\/vc_column_text][\/vc_column][vc_column width=&#8221;1\/2&#8243; rc_bg_type=&#8221;color&#8221; rc_bg_color=&#8221;#efefef&#8221; css=&#8221;.vc_custom_1648668725430{padding: 2% !important;}&#8221;][vc_column_text]<\/p>\n<header>\n<h1>Foreign Commerce &#8211; Import, Export, Offshore Manufacturing<\/h1>\n<\/header>\n<div class=\"itemBody\">\n<p>Foreign commerce is one of our specialties. We service the complex world of international regulations, customs brokering, duties and taxes, risks to which all companies in this sector are exposed to. Prevention is the word, and we base it in the good advice on international procedures and correct assessing of import classifications, which can notably reduce risks for our clients. Moore Orozco Medina is knowledgeable in this particular sector and is a warrant for security.<\/p>\n<\/div>\n<p>[\/vc_column_text][\/vc_column][vc_column width=&#8221;1\/4&#8243; column_sticky=&#8221;yes&#8221;][vc_row_inner padding_top_multiplier=&#8221;&#8221; padding_bottom_multiplier=&#8221;&#8221; rc_heading_color=&#8221;light&#8221;][vc_column_inner rc_bg_type=&#8221;color&#8221; rc_bg_color=&#8221;#ffffff&#8221; css=&#8221;.vc_custom_1648842830405{padding-top: 5% !important;padding-right: 5% !important;padding-bottom: 5% !important;padding-left: 5% !important;}&#8221;][vc_column_text el_class=&#8221;menu&#8221;]<\/p>\n<h3 class=\"header\">Contact<\/h3>\n<div class=\"content\">\n<div class=\"custom contacto-der\">\n<p>Gabriel Mancera 1041, Col del Valle Centro, Alcald\u00eda Benito Ju\u00e1rez,<br \/>\nC.P. 03100, M\u00e9xico, Ciudad de M\u00e9xico.<br \/>\nTel: 55 3687 2700<\/p>\n<p>E-mail:\u00a0<a href=\"mailto:oma@oma.com.mx\">oma@oma.com.mx<\/a><\/p>\n<p>Web:\u00a0<a href=\"https:\/\/oma.com.mx\/\">www.oma.com.mx<\/a><\/p>\n<\/div>\n<\/div>\n<p>[\/vc_column_text][\/vc_column_inner][\/vc_row_inner][\/vc_column][\/vc_row]<\/p>\n<\/section>","protected":false},"excerpt":{"rendered":"<p>[vc_row section_type=&#8221;fullwidth&#8221; padding_top_multiplier=&#8221;&#8221; padding_bottom_multiplier=&#8221;&#8221;][vc_column vertical_content_position=&#8221;middle&#8221;][\/vc_column][\/vc_row][vc_row rc_heading_color=&#8221;primary-1&#8243;][vc_column width=&#8221;1\/4&#8243;][vc_column_text el_class=&#8221;menu&#8221;] Food service &#8211; Agriculture, Livestock, Fishing Business and Commerce &#8211; Manufacturing, Distribution, Retail Foreign Commerce &#8211; Import, Export, Offshore Manufacturing Learning &#8211; Universities, Education, Training Exploration &#8211; Energy, Mining, Oil Real Estate &#8211; Construction, Property Organizations: Government, Non-Government, Public Sector Health \u2013 Cosmetics and Pharmaceutical Industry, Hospitals [&hellip;]<\/p>\n","protected":false},"author":105,"featured_media":0,"parent":0,"menu_order":0,"comment_status":"closed","ping_status":"closed","template":"","meta":{"_seopress_robots_primary_cat":"","_seopress_titles_title":"Importaci\u00f3n, Exportaci\u00f3n, Fabricaci\u00f3n Offshore | OMA","_seopress_titles_desc":"","_seopress_robots_index":"","content-type":"","footnotes":""},"class_list":["post-1970","page","type-page","status-publish","hentry"],"_links":{"self":[{"href":"https:\/\/oma.com.mx\/en\/wp-json\/wp\/v2\/pages\/1970"}],"collection":[{"href":"https:\/\/oma.com.mx\/en\/wp-json\/wp\/v2\/pages"}],"about":[{"href":"https:\/\/oma.com.mx\/en\/wp-json\/wp\/v2\/types\/page"}],"author":[{"embeddable":true,"href":"https:\/\/oma.com.mx\/en\/wp-json\/wp\/v2\/users\/105"}],"replies":[{"embeddable":true,"href":"https:\/\/oma.com.mx\/en\/wp-json\/wp\/v2\/comments?post=1970"}],"version-history":[{"count":0,"href":"https:\/\/oma.com.mx\/en\/wp-json\/wp\/v2\/pages\/1970\/revisions"}],"wp:attachment":[{"href":"https:\/\/oma.com.mx\/en\/wp-json\/wp\/v2\/media?parent=1970"}],"curies":[{"name":"wp","href":"https:\/\/api.w.org\/{rel}","templated":true}]}}