{"id":2184,"date":"2022-04-07T16:25:16","date_gmt":"2022-04-07T16:25:16","guid":{"rendered":"https:\/\/oma.com.mx\/v1\/pedro-flores-carrillo\/"},"modified":"2025-11-18T18:15:57","modified_gmt":"2025-11-19T00:15:57","slug":"jose-ivan-gutierrez","status":"publish","type":"page","link":"https:\/\/oma.com.mx\/en\/jose-ivan-gutierrez\/","title":{"rendered":"Jos\u00e9 Iv\u00e1n Guti\u00e9rrez Sandoval"},"content":{"rendered":"<section class=\"wpb-content-wrapper\"><p>[vc_row rc_heading_color=&#8221;primary-1&#8243;][vc_column width=&#8221;5\/6&#8243; rc_bg_type=&#8221;color&#8221; rc_bg_color=&#8221;#efefef&#8221; css=&#8221;.vc_custom_1648668725430{padding: 2% !important;}&#8221;][vc_row_inner][vc_column_inner width=&#8221;2\/3&#8243;][vc_column_text]<\/p>\n<h1 style=\"font-weight: 300;\">Jos\u00e9 Iv\u00e1n Guti\u00e9rrez Sandoval, CPA<\/h1>\n<p style=\"font-weight: 300;\">Business Development Partner<\/p>\n<p>[\/vc_column_text][\/vc_column_inner][vc_column_inner width=&#8221;1\/3&#8243; vertical_content_position=&#8221;middle&#8221;]<div class=\"eut-element eut-image eut-align-center\" style=\"\"><div class=\"eut-image-wrapper eut-popup-item\" style=\"max-width:150px;\"><div class=\"eut-thumbnail-wrapper\"  style=\"max-width: 150px;\"><div class=\"eut-thumbnail\"  style=\"padding-top: 100%;\"><img decoding=\"async\" width=\"150\" height=\"150\" src=\"https:\/\/oma.com.mx\/wp-content\/uploads\/2025\/02\/Jose-Ivan-Gutierrez-Sandoval-150x150.png\" class=\"attachment-thumbnail size-thumbnail\" alt=\"\" data-eutf-filter=\"yes\" srcset=\"https:\/\/oma.com.mx\/wp-content\/uploads\/2025\/02\/Jose-Ivan-Gutierrez-Sandoval-150x150.png 150w, https:\/\/oma.com.mx\/wp-content\/uploads\/2025\/02\/Jose-Ivan-Gutierrez-Sandoval-300x300.png 300w, https:\/\/oma.com.mx\/wp-content\/uploads\/2025\/02\/Jose-Ivan-Gutierrez-Sandoval-1024x1024.png 1024w, https:\/\/oma.com.mx\/wp-content\/uploads\/2025\/02\/Jose-Ivan-Gutierrez-Sandoval-768x768.png 768w, https:\/\/oma.com.mx\/wp-content\/uploads\/2025\/02\/Jose-Ivan-Gutierrez-Sandoval-1536x1536.png 1536w, https:\/\/oma.com.mx\/wp-content\/uploads\/2025\/02\/Jose-Ivan-Gutierrez-Sandoval-560x560.png 560w, https:\/\/oma.com.mx\/wp-content\/uploads\/2025\/02\/Jose-Ivan-Gutierrez-Sandoval-900x900.png 900w, https:\/\/oma.com.mx\/wp-content\/uploads\/2025\/02\/Jose-Ivan-Gutierrez-Sandoval-600x600.png 600w, https:\/\/oma.com.mx\/wp-content\/uploads\/2025\/02\/Jose-Ivan-Gutierrez-Sandoval-100x100.png 100w, https:\/\/oma.com.mx\/wp-content\/uploads\/2025\/02\/Jose-Ivan-Gutierrez-Sandoval.png 1815w\" sizes=\"(max-width: 150px) 100vw, 150px\" \/><\/div><\/div>  <\/div><\/div>[\/vc_column_inner][\/vc_row_inner][vc_row_inner][vc_column_inner][vc_column_text]Jos\u00e9 Iv\u00e1n is a Public Accountant. He graduated from the Santo Tom\u00e1s School of Commerce and Administration of the National Polytechnic Institute (IPN). He holds a Master&#8217;s Degree in Tax and Administrative Law from the National Bar Association (Barra Nacional de Abogados A.C.).<\/p>\n<p>He joined MOORE Orozco Medina, S.C. in 2007 and he was appointed Business Development Partner in 2025. With a solid track record of over twenty years of experience in various public accounting firms in the areas of audit, tax, finance, business consulting, and the implementation of process improvement, he has provided strategic advisory to clients in the public and private sectors, standing out for his innovative approach and his ability to drive business growth and personnel development.<\/p>\n<p>He has continued his training with professional updating courses by the Mexican Institute of Business Tax Expansion SC (IMEFI) and the College of Public Accountants of Mexico. In addition, he is an active member of the Firm&#8217;s IT Committee and Quality Committee, where he collaborates in the development and automation of accounting methodologies, strengthening operational efficiency.<\/p>\n<p>As Business Development Partner, his mission is to optimize processes, drive productivity and ensure innovative and high-impact solutions for clients. His leadership and strategic vision continue to consolidate the Firm&#8217;s commitment to excellence and transformation.[\/vc_column_text][\/vc_column_inner][\/vc_row_inner][\/vc_column][vc_column width=&#8221;1\/6&#8243;][vc_column_text]<\/p>\n<div class=\"box \">\n<h3 class=\"header\">Any doubts?<\/h3>\n<div class=\"content\">\n<div class=\"custom \">\n<p><strong>Contact him\u00a0<a href=\"mailto:pflores@oma.com.mx,lvaldes@oma.com.mx\">here<\/a><\/strong><\/p>\n<\/div>\n<\/div>\n<\/div>\n<div class=\"box servicio\">\n<h3 class=\"header\">Services<\/h3>\n<div class=\"content\">\n<div class=\"custom servicio\">\n<ul>\n<li><a href=\"https:\/\/oma.com.mx\/services\/business-development\">Business Development<\/a><\/li>\n<\/ul>\n<\/div>\n<\/div>\n<\/div>\n<p>[\/vc_column_text][\/vc_column][\/vc_row]<\/p>\n<\/section>","protected":false},"excerpt":{"rendered":"<p>[vc_row rc_heading_color=&#8221;primary-1&#8243;][vc_column width=&#8221;5\/6&#8243; rc_bg_type=&#8221;color&#8221; rc_bg_color=&#8221;#efefef&#8221; css=&#8221;.vc_custom_1648668725430{padding: 2% !important;}&#8221;][vc_row_inner][vc_column_inner width=&#8221;2\/3&#8243;][vc_column_text] Jos\u00e9 Iv\u00e1n Guti\u00e9rrez Sandoval, CPA Business Development Partner [\/vc_column_text][\/vc_column_inner][vc_column_inner width=&#8221;1\/3&#8243; vertical_content_position=&#8221;middle&#8221;][\/vc_column_inner][\/vc_row_inner][vc_row_inner][vc_column_inner][vc_column_text]Jos\u00e9 Iv\u00e1n is a Public Accountant. He graduated from the Santo Tom\u00e1s School of Commerce and Administration of the National Polytechnic Institute (IPN). He holds a Master&#8217;s Degree in Tax and Administrative Law from the National [&hellip;]<\/p>\n","protected":false},"author":105,"featured_media":0,"parent":0,"menu_order":0,"comment_status":"closed","ping_status":"closed","template":"","meta":{"_seopress_robots_primary_cat":"","_seopress_titles_title":"","_seopress_titles_desc":"","_seopress_robots_index":"","content-type":"","footnotes":""},"class_list":["post-2184","page","type-page","status-publish","hentry"],"_links":{"self":[{"href":"https:\/\/oma.com.mx\/en\/wp-json\/wp\/v2\/pages\/2184"}],"collection":[{"href":"https:\/\/oma.com.mx\/en\/wp-json\/wp\/v2\/pages"}],"about":[{"href":"https:\/\/oma.com.mx\/en\/wp-json\/wp\/v2\/types\/page"}],"author":[{"embeddable":true,"href":"https:\/\/oma.com.mx\/en\/wp-json\/wp\/v2\/users\/105"}],"replies":[{"embeddable":true,"href":"https:\/\/oma.com.mx\/en\/wp-json\/wp\/v2\/comments?post=2184"}],"version-history":[{"count":0,"href":"https:\/\/oma.com.mx\/en\/wp-json\/wp\/v2\/pages\/2184\/revisions"}],"wp:attachment":[{"href":"https:\/\/oma.com.mx\/en\/wp-json\/wp\/v2\/media?parent=2184"}],"curies":[{"name":"wp","href":"https:\/\/api.w.org\/{rel}","templated":true}]}}