{"id":2201,"date":"2022-04-07T16:36:06","date_gmt":"2022-04-07T16:36:06","guid":{"rendered":"https:\/\/oma.com.mx\/v1\/oscar-david-del-campo-de-la-hoya\/"},"modified":"2025-06-30T15:30:25","modified_gmt":"2025-06-30T21:30:25","slug":"jose-ivan-lobo-velazquez","status":"publish","type":"page","link":"https:\/\/oma.com.mx\/en\/jose-ivan-lobo-velazquez\/","title":{"rendered":"Jos\u00e9 Iv\u00e1n Lobo Vel\u00e1zquez"},"content":{"rendered":"<section class=\"wpb-content-wrapper\"><p>[vc_row rc_heading_color=&#8221;primary-1&#8243;][vc_column width=&#8221;5\/6&#8243; rc_bg_type=&#8221;color&#8221; rc_bg_color=&#8221;#efefef&#8221; css=&#8221;.vc_custom_1648668725430{padding: 2% !important;}&#8221;][vc_row_inner][vc_column_inner width=&#8221;2\/3&#8243;][vc_column_text]<\/p>\n<h1 style=\"font-weight: 300;\">Jos\u00e9 Iv\u00e1n Lobo Vel\u00e1zquez<\/h1>\n<p style=\"font-weight: 300;\">IT Director<\/p>\n<p>[\/vc_column_text][\/vc_column_inner][vc_column_inner width=&#8221;1\/3&#8243; vertical_content_position=&#8221;middle&#8221;]<div class=\"eut-element eut-image eut-align-center\" style=\"\"><div class=\"eut-image-wrapper eut-popup-item\" style=\"max-width:150px;\"><div class=\"eut-thumbnail-wrapper\"  style=\"max-width: 150px;\"><div class=\"eut-thumbnail\"  style=\"padding-top: 100%;\"><img decoding=\"async\" width=\"150\" height=\"150\" src=\"https:\/\/oma.com.mx\/wp-content\/uploads\/2022\/09\/Jose\u0301-Iva\u0301n-Lobo-Vela\u0301zquez-2-150x150.jpg\" class=\"attachment-thumbnail size-thumbnail\" alt=\"\" data-eutf-filter=\"yes\" srcset=\"https:\/\/oma.com.mx\/wp-content\/uploads\/2022\/09\/Jose\u0301-Iva\u0301n-Lobo-Vela\u0301zquez-2-150x150.jpg 150w, https:\/\/oma.com.mx\/wp-content\/uploads\/2022\/09\/Jose\u0301-Iva\u0301n-Lobo-Vela\u0301zquez-2-300x300.jpg 300w, https:\/\/oma.com.mx\/wp-content\/uploads\/2022\/09\/Jose\u0301-Iva\u0301n-Lobo-Vela\u0301zquez-2-100x100.jpg 100w, https:\/\/oma.com.mx\/wp-content\/uploads\/2022\/09\/Jose\u0301-Iva\u0301n-Lobo-Vela\u0301zquez-2.jpg 400w\" sizes=\"(max-width: 150px) 100vw, 150px\" \/><\/div><\/div>  <\/div><\/div>[\/vc_column_inner][\/vc_row_inner][vc_row_inner][vc_column_inner][vc_column_text]Jos\u00e9 Iv\u00e1n is a graduate of the School of Mechanical and Electrical Engineering of the National Polytechnic Institute (IPN) and holds a master&#8217;s degree in Business Administration from the School of Commerce and Administration of the IPN, plus certifications including CCNA R&amp;S, Cloud Computing from Google, Cyber Security Certified Expert, Scrum Foundations Certified Expert and Cybersecurity Awareness Certified.<\/p>\n<p>Over his 15 years of solid experience in telecommunications and information technology, Mr. Lobo has worked successfully in several organizations, most notably the Secretariat of Security and Citizen Protection Federal Police, as the IT Resources Administrator, the Secretariat of Tourism as the Administrator of human, financial and material resources, and the Navy Secretariat, where he worked on several technology projects together with other Federal Government agencies, as well as other parties in the private sector.<\/p>\n<p>In June 2022, he became part of Moore Orozco Medina as our IT Director,<br \/>\nbeing responsible for foreseeing current technological trends, maintaining the Firm&#8217;s communications infrastructure in optimal conditions, and more importantly, promoting and managing improvements that secure the proper functioning of the Firm&#8217;s technological resources, while meeting the requirements of information automation resulting from changes in the field of technology.[\/vc_column_text][\/vc_column_inner][\/vc_row_inner][\/vc_column][vc_column width=&#8221;1\/6&#8243;][vc_column_text]<\/p>\n<h3 class=\"header\">Any doubts?<\/h3>\n<div class=\"content\">\n<div class=\"custom Miguel \u00c1ngel Orozco\">\n<p><strong>Contact him <a href=\"mailto:jlobo@oma.com.mx,lvaldes@oma.com.mx\">here<\/a><\/strong><\/p>\n<\/div>\n<\/div>\n<p>[\/vc_column_text][\/vc_column][\/vc_row][vc_row][vc_column width=&#8221;5\/6&#8243;][\/vc_column][vc_column width=&#8221;1\/6&#8243;][\/vc_column][\/vc_row]<\/p>\n<\/section>","protected":false},"excerpt":{"rendered":"<p>[vc_row rc_heading_color=&#8221;primary-1&#8243;][vc_column width=&#8221;5\/6&#8243; rc_bg_type=&#8221;color&#8221; rc_bg_color=&#8221;#efefef&#8221; css=&#8221;.vc_custom_1648668725430{padding: 2% !important;}&#8221;][vc_row_inner][vc_column_inner width=&#8221;2\/3&#8243;][vc_column_text] Jos\u00e9 Iv\u00e1n Lobo Vel\u00e1zquez IT Director [\/vc_column_text][\/vc_column_inner][vc_column_inner width=&#8221;1\/3&#8243; vertical_content_position=&#8221;middle&#8221;][\/vc_column_inner][\/vc_row_inner][vc_row_inner][vc_column_inner][vc_column_text]Jos\u00e9 Iv\u00e1n is a graduate of the School of Mechanical and Electrical Engineering of the National Polytechnic Institute (IPN) and holds a master&#8217;s degree in Business Administration from the School of Commerce and Administration of the IPN, plus [&hellip;]<\/p>\n","protected":false},"author":105,"featured_media":0,"parent":0,"menu_order":0,"comment_status":"closed","ping_status":"closed","template":"","meta":{"_seopress_robots_primary_cat":"","_seopress_titles_title":"","_seopress_titles_desc":"","_seopress_robots_index":"","content-type":"","footnotes":""},"class_list":["post-2201","page","type-page","status-publish","hentry"],"_links":{"self":[{"href":"https:\/\/oma.com.mx\/en\/wp-json\/wp\/v2\/pages\/2201"}],"collection":[{"href":"https:\/\/oma.com.mx\/en\/wp-json\/wp\/v2\/pages"}],"about":[{"href":"https:\/\/oma.com.mx\/en\/wp-json\/wp\/v2\/types\/page"}],"author":[{"embeddable":true,"href":"https:\/\/oma.com.mx\/en\/wp-json\/wp\/v2\/users\/105"}],"replies":[{"embeddable":true,"href":"https:\/\/oma.com.mx\/en\/wp-json\/wp\/v2\/comments?post=2201"}],"version-history":[{"count":0,"href":"https:\/\/oma.com.mx\/en\/wp-json\/wp\/v2\/pages\/2201\/revisions"}],"wp:attachment":[{"href":"https:\/\/oma.com.mx\/en\/wp-json\/wp\/v2\/media?parent=2201"}],"curies":[{"name":"wp","href":"https:\/\/api.w.org\/{rel}","templated":true}]}}